{"id":22,"date":"2016-11-16T16:48:19","date_gmt":"2016-11-16T15:48:19","guid":{"rendered":"http:\/\/www.labat-marie.com\/sla\/?page_id=22"},"modified":"2025-11-03T08:51:53","modified_gmt":"2025-11-03T07:51:53","slug":"parcours","status":"publish","type":"page","link":"https:\/\/www.labat-marie.com\/sla\/accueil\/parcours\/","title":{"rendered":"\u00c0 propos"},"content":{"rendered":"<div id=\"pl-22\"  class=\"panel-layout\" ><div id=\"pg-22-0\"  class=\"panel-grid panel-no-style\" ><div id=\"pgc-22-0-0\"  class=\"panel-grid-cell\" ><div id=\"panel-22-0-0-0\" class=\"so-panel widget widget_sow-editor panel-first-child\" data-index=\"0\" ><div class=\"panel-widget-style panel-widget-style-for-22-0-0-0\" ><div\n\t\t\t\n\t\t\tclass=\"so-widget-sow-editor so-widget-sow-editor-base\"\n\t\t\t\n\t\t><h3 class=\"widget-title\">Parcours professionnels<\/h3>\n<div class=\"siteorigin-widget-tinymce textwidget\">\n\t<p><span style=\"color: #000000;\"><strong>Consultante et formatrice en bureautique<\/strong> | <strong><em>Entrepreneur individuel<\/em><br \/>\n<\/strong><em>D\u00e9claration d\u2019activit\u00e9 enregistr\u00e9e sous le n\u00b0 75160127916 aupr\u00e8s de la pr\u00e9f\u00e8te de r\u00e9gion Nouvelle Aquitaine<br \/>\n<\/em><em>Octobre 2016 \u00e0 aujourd'hui | Nouvelle Aquitaine | Charente<\/em><\/span><\/p>\n<p><span style=\"color: #000000;\">Forte d'une exp\u00e9rience de 20 ann\u00e9es dans le domaine de la bureautique, j'ai eu le privil\u00e8ge d'accompagner de nombreuses entreprises \u00e0 optimiser leurs processus administratifs gr\u00e2ce \u00e0 une ma\u00eetrise efficace des outils bureautiques.<\/span><\/p>\n<p><span style=\"color: #000000;\">Mon approche se distingue par une compr\u00e9hension approfondie des besoins sp\u00e9cifiques de chaque entreprise.<\/span><\/p>\n<p><span style=\"color: #000000;\">En travaillant en \u00e9troite collaboration avec les \u00e9quipes, je m'efforce de personnaliser mes formations pour maximiser la productivit\u00e9 tout en minimisant les inefficacit\u00e9s.<\/span><\/p>\n<p><span style=\"color: #000000;\">Que ce soit la gestion avanc\u00e9e de documents, l'automatisation de t\u00e2ches r\u00e9currentes, ou la mise en place de meilleures pratiques en mati\u00e8re de collaboration, je suis passionn\u00e9e par l'optimisation des comp\u00e9tences bureautiques de vos \u00e9quipes.<\/span><\/p>\n<p><span style=\"color: #000000;\">Mon objectif est de les rendre plus efficaces, plus confiantes et plus comp\u00e9tentes dans l'utilisation quotidienne des outils essentiels.<\/span><\/p>\n<p><span style=\"color: #000000;\">En tant que consultante, je propose \u00e9galement des analyses approfondies de vos processus existants, identifiant les points d'am\u00e9lioration et mettant en place des solutions sur mesure pour maximiser l'efficacit\u00e9 op\u00e9rationnelle.<\/span><\/p>\n<p><span style=\"color: #000000;\">En r\u00e9sum\u00e9, je suis l\u00e0 pour vous accompagner dans la transformation de vos pratiques bureautiques, en faisant de la technologie un atout majeur pour votre entreprise.<\/span><\/p>\n<p><span style=\"color: #000000;\">Ensemble, nous pouvons renforcer les comp\u00e9tences de vos \u00e9quipes, am\u00e9liorer l'efficacit\u00e9 op\u00e9rationnelle, et stimuler la croissance.<\/span><\/p>\n<p><span style=\"color: #000000;\">Je me tiens \u00e0 votre disposition pour discuter de la mani\u00e8re dont ma passion et mon expertise peuvent contribuer \u00e0 l'excellence op\u00e9rationnelle de votre entreprise.<\/span><\/p>\n<p><span style=\"color: #000000;\">Merci de votre attention, et n'h\u00e9sitez pas \u00e0 me contacter pour en savoir plus.<\/span><\/p>\n<p><span style=\"color: #000000;\"><strong>Responsable bureautique<br \/>\n<\/strong><\/span><span style=\"color: #000000;\"><em>V\u00e9ron &amp; Associ\u00e9s | Lyon | Paris (Juin 2003 \u00e0 sept. 2016)<\/em><\/span><\/p>\n<ul>\n<li><span style=\"color: #000000;\">Support bureautique en temps r\u00e9el<\/span><\/li>\n<li><span style=\"color: #000000;\">Formation bureautique en Visioconf\u00e9rence pour 40\u00a0utilisateurs.<\/span><\/li>\n<li><span style=\"color: #000000;\">R\u00e9daction de documentations techniques<\/span><\/li>\n<li><span style=\"color: #000000;\">Cr\u00e9ation et mise \u00e0 jour des proc\u00e9dures pour les utilisateurs.<\/span><\/li>\n<li><span style=\"color: #000000;\">Cr\u00e9ation de feuilles de styles et mod\u00e8les Word 2003, 2010, 2013<\/span><\/li>\n<li><span style=\"color: #000000;\">Gestion de l\u2019infrastructure de la t\u00e9l\u00e9phonie fixe<\/span><\/li>\n<li><span style=\"color: #000000;\">Mise \u00e0 jour du site Internet<\/span><\/li>\n<li><span style=\"color: #000000;\">\u00c9laboration d\u2019ouvrages en version trilingue sous Word<\/span><\/li>\n<li><span style=\"color: #000000;\">Animation de formations et micro-formations en visio-conf\u00e9rence<\/span><\/li>\n<\/ul>\n<\/div>\n<\/div><\/div><\/div><div id=\"panel-22-0-0-1\" class=\"so-panel widget widget_sow-editor panel-last-child\" data-index=\"1\" ><div class=\"panel-widget-style panel-widget-style-for-22-0-0-1\" ><div\n\t\t\t\n\t\t\tclass=\"so-widget-sow-editor so-widget-sow-editor-base\"\n\t\t\t\n\t\t><h3 class=\"widget-title\">R\u00e9alisations d'ouvrages sous Word<\/h3>\n<div class=\"siteorigin-widget-tinymce textwidget\">\n\t<p><span style=\"color: #000000;\"><strong>2023 - en collaboration avec l'auteur Pierre V\u00e9ron :<\/strong><\/span><\/p>\n<p><span style=\"color: #000000;\">J\u2019ai contribu\u00e9 \u00e0 la mise en page de l\u2019ouvrage \u00ab <a href=\"https:\/\/www.amazon.fr\/dp\/B0C2S6BQ9M?ref_=cm_sw_r_cp_ud_dp_9RGAHY33R9EN9TDHPZZY\"><span style=\"color: #0000ff;\">Unitary Patent and Unified Patent Court - Regulations, Agreement, Rules of Procedure 2023 Trilingual version DE EN FR<\/span><\/a> \u00bb <\/span><span style=\"color: #000000;\">466 pages \u2013 ISBN 9798379035747<\/span><\/p>\n<p><span style=\"color: #000000;\"><strong>2018 et 2015 au sein du cabinet V\u00e9ron &amp; Associ\u00e9s :\u00a0<\/strong><\/span><\/p>\n<p><span style=\"color: #000000;\">Deux des projets majeurs, auxquels j'ai eu le privil\u00e8ge de contribuer sont la mise en page de la version trilingue (DE, EN, FR) du R\u00e8glement de proc\u00e9dure de la Juridiction unifi\u00e9e du brevet vesrion 2018 , ainsi que la mise en page en 2015 de l'ouvrage <span style=\"color: #0000ff;\"><a style=\"color: #0000ff;\" href=\"https:\/\/www.amazon.fr\/Saisie-contrefa%C3%A7on-version-trilingue-trilingual-dreisprachig\/dp\/2955206105\/ref=sr_1_3?dchild=1&amp;keywords=saisie+contrefa%C3%A7on&amp;qid=1612982263&amp;sr=8-3\">Saisie-contrefa\u00e7on<\/a><\/span>, version trilingue (DE, EN, FR) 1618 pages - ISBN 978-2955206102.\u00a0<\/span><\/p>\n<\/div>\n<\/div><\/div><\/div><\/div><\/div><div id=\"pg-22-1\"  class=\"panel-grid panel-no-style\" ><div id=\"pgc-22-1-0\"  class=\"panel-grid-cell\" ><div id=\"panel-22-1-0-0\" class=\"so-panel widget widget_sow-editor panel-first-child\" data-index=\"2\" ><div\n\t\t\t\n\t\t\tclass=\"so-widget-sow-editor so-widget-sow-editor-base\"\n\t\t\t\n\t\t><h3 class=\"widget-title\">Qualiopi<\/h3>\n<div class=\"siteorigin-widget-tinymce textwidget\">\n\t<h5>le 23 janvier 2025 :<\/h5>\n<p><span style=\"color: #000000;\">J\u2019ai r\u00e9ussi mon audit de surveillance Qualiopi !<\/span><\/p>\n<p><span style=\"color: #000000;\">Je suis fi\u00e8re de vous annoncer que, certifi\u00e9e Qualiopi depuis le 20 juillet 2023, j\u2019ai brillamment r\u00e9alis\u00e9 mon audit de surveillance conform\u00e9ment :<\/span><\/p>\n<ul>\n<li><span style=\"color: #000000;\">au R\u00e9f\u00e9rentiel National sur la Qualit\u00e9 des actions concourant au d\u00e9veloppement des comp\u00e9tences (article L.6316-3 du Code du Travail),<\/span><\/li>\n<li><span style=\"color: #000000;\"><span style=\"color: #000000;\">et au PS-FOR-PRO-001 \u2013 Programme de certification des prestataires concourant au d\u00e9veloppement des comp\u00e9tences applicable.<\/span><\/span><\/li>\n<\/ul>\n<p><span style=\"color: #000000;\">Cette certification confirme la qualit\u00e9 de mes prestations pour les actions de formation (L.6313-1 \u2013 1\u00b0).<\/span><\/p>\n<p><span style=\"color: #000000;\">Je continue \u00e0 m\u2019engager \u00e0 vos c\u00f4t\u00e9s pour vous offrir des services toujours plus qualitatifs et adapt\u00e9s \u00e0 vos besoins en d\u00e9veloppement de comp\u00e9tences.<\/span><\/p>\n<p>Merci pour votre confiance !<\/p>\n<h5>le 20 juillet 2023<\/h5>\n<p><span style=\"color: #000000;\">J'ai obtenu la certification Qualiopi le 20 juillet 2023.<\/span><\/p>\n<p><span style=\"color: #000000;\">C'est avec une immense fiert\u00e9 que je vous annonce que j'ai r\u00e9ussi \u00e0 franchir cette \u00e9tape importante de ma carri\u00e8re professionnelle. Qualiopi est une reconnaissance significative de la qualit\u00e9 des prestations de formation que je propose, et je suis vraiment honor\u00e9e d'avoir obtenue cette certification.<\/span><\/p>\n<p><span style=\"color: #000000;\">Elle t\u00e9moigne de mon engagement continu envers l'am\u00e9lioration de la qualit\u00e9 de mes services, ainsi que de mon d\u00e9sir constant de r\u00e9pondre aux attentes de mes clients et de mes apprenants. Cela confirme \u00e9galement ma volont\u00e9 de rester \u00e0 la pointe des meilleures pratiques p\u00e9dagogiques et de formation.<\/span><\/p>\n<p><span style=\"color: #000000;\">N'h\u00e9sitez pas \u00e0 me contacter si vous avez des questions ou si vous souhaitez en savoir plus sur les services que je propose. Je suis plus que jamais motiv\u00e9e \u00e0 accompagner les individus et les organisations dans leur d\u00e9veloppement et leur r\u00e9ussite.<\/span><\/p>\n<p><a href=\"https:\/\/www.labat-marie.com\/sla\/wp-content\/uploads\/2025\/11\/23FOR00964.2-Certificat-de-conformite.pdf\" target=\"_blank\" rel=\"noopener\"><img data-recalc-dims=\"1\" loading=\"lazy\" decoding=\"async\" class=\"alignright wp-image-1105 size-medium\" src=\"https:\/\/i0.wp.com\/www.labat-marie.com\/sla\/wp-content\/uploads\/2025\/01\/Logo-OF.jpg?resize=300%2C129&#038;ssl=1\" alt=\"\" width=\"300\" height=\"129\" srcset=\"https:\/\/i0.wp.com\/www.labat-marie.com\/sla\/wp-content\/uploads\/2025\/01\/Logo-OF.jpg?resize=300%2C129&amp;ssl=1 300w, https:\/\/i0.wp.com\/www.labat-marie.com\/sla\/wp-content\/uploads\/2025\/01\/Logo-OF.jpg?resize=1024%2C439&amp;ssl=1 1024w, https:\/\/i0.wp.com\/www.labat-marie.com\/sla\/wp-content\/uploads\/2025\/01\/Logo-OF.jpg?resize=768%2C329&amp;ssl=1 768w, https:\/\/i0.wp.com\/www.labat-marie.com\/sla\/wp-content\/uploads\/2025\/01\/Logo-OF.jpg?w=1133&amp;ssl=1 1133w\" sizes=\"auto, (max-width: 300px) 100vw, 300px\" \/><\/a><\/p>\n<\/div>\n<\/div><\/div><div id=\"panel-22-1-0-1\" class=\"so-panel widget widget_sow-editor panel-last-child\" data-index=\"3\" ><div\n\t\t\t\n\t\t\tclass=\"so-widget-sow-editor so-widget-sow-editor-base\"\n\t\t\t\n\t\t><h3 class=\"widget-title\">Recommandations<\/h3>\n<div class=\"siteorigin-widget-tinymce textwidget\">\n\t<p><span style=\"color: #000000;\"><strong>Bruno LONGHI | Directeur Associ\u00e9s chez Laboratoire Conseil LC<\/strong><\/span><\/p>\n<p><span style=\"color: #000000;\">La formation \"PowerPoint\" anim\u00e9e par St\u00e9phanie fut un moment r\u00e9ellement enrichissant : ses explications sont tr\u00e8s claires, et ses astuces pratiques montrent une parfaite ma\u00eetrise du sujet. Je n'h\u00e9siterai pas \u00e0 faire de nouveau appel \u00e0 ses comp\u00e9tences en bureautique \u00e0 l'avenir !<\/span><\/p>\n<p><span style=\"color: #000000;\"><strong>Nicolas LANCHOU | Lanchou Conseil<\/strong><\/span><\/p>\n<p><span style=\"color: #000000;\">Ne cherchez plus ! St\u00e9phanie est LA perle rare qui saura vous (re)donner l'envie de faire de belles pr\u00e9sentations, de remettre un coup de pro pour booster votre image de marque afin de la rendre coh\u00e9rente avec votre positionnement. Avec un zest de geek et \"mampreneure\" m\u00e9lang\u00e9s, St\u00e9phanie est LA personne \u00e0 qui s'adresser pour gagner en temps et surtout en efficience dans votre organisation sous Excel, Word et PPT ! Sa ma\u00eetrise des outils bureautiques alli\u00e9e \u00e0 son sens de la p\u00e9dagogie et son sens du service vous seront de pr\u00e9cieux alli\u00e9s pour vous et toutes vos \u00e9quipes afin de progresser avec elle sur ses sujets en fonction de vos objectifs !<\/span><\/p>\n<p><span style=\"color: #000000;\"><strong>Antoine DUMONT | Service Gestion<\/strong><\/span><\/p>\n<p><span style=\"color: #000000;\">J'ai particip\u00e9 \u00e0 la formation \"Gagnez du temps lors de la mise en forme de vos pr\u00e9sentations\" de Stephanie.<\/span><br \/>\n<span style=\"color: #000000;\">C'est une formation \"express\", bien construite et orient\u00e9e op\u00e9rationnel ; Vous passez de n\u00e9ophyte ou simple utilisateur des masques powerpoint, \u00e0 concepteur en une heure !<\/span><br \/>\n<span style=\"color: #000000;\">En plus d'un c\u00f4t\u00e9 technique solide, St\u00e9phanie donne 1000 petites astuces, et a r\u00e9ponse \u00e0 toutes les questions.<\/span><br \/>\n<span style=\"color: #000000;\">Merci pour cette formation !<\/span><\/p>\n<p><span style=\"color: #000000;\"><strong>Jean-Louis LEBEAU | Strat\u00e9gie &amp; Management des PME<\/strong><\/span><\/p>\n<p><span style=\"color: #000000;\">Chefs d'entreprises, cadres, professions lib\u00e9rales, vous souhaitez donnez un coup de \"Boost\" \u00e0 vos documents r\u00e9dig\u00e9s sous Windows office (ou suites \u00e9quivalentes), d\u00e9finir des mod\u00e8les pour vous simplifier la vie et celles de vos collaborateurs, gagner vraiment en productivit\u00e9 et en coh\u00e9rence.<\/span><br \/>\n<span style=\"color: #000000;\">Une r\u00e9f\u00e9rence sur la r\u00e9gion LYONNAISE : St\u00e9phanie LABAT-MARIE !<\/span><br \/>\n<span style=\"color: #000000;\">En quelques heures elle vous fera red\u00e9couvrir ces outils bureautiques formidables, mais souvent utilis\u00e9s tr\u00e8s en dessous de leurs potentiels.<\/span><br \/>\n<span style=\"color: #000000;\">St\u00e9phanie est une intervenante pratico-pratique parfaitement adapt\u00e9e aux PME.<\/span><br \/>\n<span style=\"color: #000000;\">Si vous avez des difficult\u00e9s \u00e0 la contacter, insistez c'est important !<\/span><\/p>\n<p><span style=\"color: #000000;\"><strong>Pierre V\u00c9RON | V\u00e9ron &amp; Associ\u00e9s | 30 janvier 2017<\/strong><\/span><\/p>\n<p><span style=\"color: #000000;\">[...] St\u00e9phanie Labat-Marie a,<em> \"avec conscience et entrain, assur\u00e9 la formation bureautique des membres du cabinet (avocats, secr\u00e9taires et administratifs), soit aux c\u00f4t\u00e9s des personnes \u00e0 former, soit par visioconf\u00e9rence entre nos bureaux de Lyon et nos bureaux de Paris.<\/em><\/span><\/p>\n<p><span style=\"color: #000000;\">St\u00e9phanie Labat-Marie a<em>, assur\u00e9, avec patience, le support bureautique pour nos \u00e9quipes.<\/em><\/span><\/p>\n<p><span style=\"color: #000000;\">[Son]<em>\u00a0activit\u00e9 a aussi inclus la r\u00e9daction de guides, modes d\u2019emplois, proc\u00e9dures pour les utilisateurs de nos syst\u00e8mes.<\/em><\/span><\/p>\n<p><span style=\"color: #000000;\"><em>En particulier, <\/em>[St\u00e9phanie Labat-Marie a],<em> acquis une grande ma\u00eetrise du logiciel Word de Microsoft (feuilles de styles, mod\u00e8les, mailings, fusions, mises en pages sophistiqu\u00e9es, index, tables, etc., notamment pour notre gros livre Saisie-contrefa\u00e7on trilingue qui a mobilis\u00e9 toutes les ressources de ce logiciel).<\/em><\/span><\/p>\n<p><span style=\"color: #000000;\">[St\u00e9phanie Labat-Marie]<em> ma\u00eetrise aussi remarquablement les autres logiciels de la suite Office, notamment PowerPoint et Excel.\"\u00a0<\/em>[...]<\/span><\/p>\n<\/div>\n<\/div><\/div><\/div><\/div><\/div>","protected":false},"excerpt":{"rendered":"<p>Consultante et formatrice en bureautique | Entrepreneur individuel D\u00e9claration d\u2019activit\u00e9 enregistr\u00e9e sous le n\u00b0 75160127916 aupr\u00e8s de la pr\u00e9f\u00e8te de r\u00e9gion Nouvelle Aquitaine Octobre 2016 \u00e0 aujourd&rsquo;hui | Nouvelle Aquitaine | Charente Forte d&rsquo;une exp\u00e9rience de 20 ann\u00e9es dans le<\/p>\n","protected":false},"author":1,"featured_media":0,"parent":42,"menu_order":4,"comment_status":"closed","ping_status":"closed","template":"","meta":{"footnotes":""},"class_list":["post-22","page","type-page","status-publish","hentry"],"_links":{"self":[{"href":"https:\/\/www.labat-marie.com\/sla\/wp-json\/wp\/v2\/pages\/22","targetHints":{"allow":["GET"]}}],"collection":[{"href":"https:\/\/www.labat-marie.com\/sla\/wp-json\/wp\/v2\/pages"}],"about":[{"href":"https:\/\/www.labat-marie.com\/sla\/wp-json\/wp\/v2\/types\/page"}],"author":[{"embeddable":true,"href":"https:\/\/www.labat-marie.com\/sla\/wp-json\/wp\/v2\/users\/1"}],"replies":[{"embeddable":true,"href":"https:\/\/www.labat-marie.com\/sla\/wp-json\/wp\/v2\/comments?post=22"}],"version-history":[{"count":48,"href":"https:\/\/www.labat-marie.com\/sla\/wp-json\/wp\/v2\/pages\/22\/revisions"}],"predecessor-version":[{"id":1179,"href":"https:\/\/www.labat-marie.com\/sla\/wp-json\/wp\/v2\/pages\/22\/revisions\/1179"}],"up":[{"embeddable":true,"href":"https:\/\/www.labat-marie.com\/sla\/wp-json\/wp\/v2\/pages\/42"}],"wp:attachment":[{"href":"https:\/\/www.labat-marie.com\/sla\/wp-json\/wp\/v2\/media?parent=22"}],"curies":[{"name":"wp","href":"https:\/\/api.w.org\/{rel}","templated":true}]}}