{"id":37,"date":"2016-11-16T17:29:06","date_gmt":"2016-11-16T16:29:06","guid":{"rendered":"http:\/\/www.labat-marie.com\/sla\/?page_id=37"},"modified":"2025-11-03T08:49:50","modified_gmt":"2025-11-03T07:49:50","slug":"formation","status":"publish","type":"page","link":"https:\/\/www.labat-marie.com\/sla\/accueil\/formation\/","title":{"rendered":"Formations"},"content":{"rendered":"\n<h1 class=\"wp-block-heading has-large-font-size\"><mark style=\"background-color:rgba(0, 0, 0, 0)\" class=\"has-inline-color has-vivid-red-color\">Microsoft 365 \u2013 2016 et versions ant\u00e9rieures de l\u2019initiation au perfectionnement<\/mark><\/h1>\n\n\n\n<div class=\"wp-block-columns is-layout-flex wp-container-core-columns-is-layout-9d6595d7 wp-block-columns-is-layout-flex\">\n<div class=\"wp-block-column is-layout-flow wp-block-column-is-layout-flow\">\n<figure class=\"wp-block-image size-medium\"><img loading=\"lazy\" decoding=\"async\" width=\"395\" height=\"395\" src=\"https:\/\/i0.wp.com\/www.labat-marie.com\/sla\/wp-content\/uploads\/2023\/06\/image.png?fit=300%2C300&amp;ssl=1\" alt=\"\" class=\"wp-image-764\" srcset=\"https:\/\/i0.wp.com\/www.labat-marie.com\/sla\/wp-content\/uploads\/2023\/06\/image.png?w=395&amp;ssl=1 395w, https:\/\/i0.wp.com\/www.labat-marie.com\/sla\/wp-content\/uploads\/2023\/06\/image.png?resize=300%2C300&amp;ssl=1 300w, https:\/\/i0.wp.com\/www.labat-marie.com\/sla\/wp-content\/uploads\/2023\/06\/image.png?resize=150%2C150&amp;ssl=1 150w, https:\/\/i0.wp.com\/www.labat-marie.com\/sla\/wp-content\/uploads\/2023\/06\/image.png?resize=230%2C230&amp;ssl=1 230w, https:\/\/i0.wp.com\/www.labat-marie.com\/sla\/wp-content\/uploads\/2023\/06\/image.png?resize=330%2C330&amp;ssl=1 330w\" sizes=\"auto, (max-width: 395px) 100vw, 395px\" \/><\/figure>\n\n\n\n<p class=\"has-black-color has-text-color\">Je vous propose des formations en Intra, directement dans vos locaux, ainsi qu\u2019en classe virtuelle pour lesquelles le stagiaire a simplement besoin d\u2019un ordinateur avec une connexion internet et une WebCam.<\/p>\n<\/div>\n\n\n\n<div class=\"wp-block-column is-layout-flow wp-block-column-is-layout-flow\">\n<figure class=\"wp-block-image size-full\"><img loading=\"lazy\" decoding=\"async\" width=\"395\" height=\"395\" src=\"https:\/\/i0.wp.com\/www.labat-marie.com\/sla\/wp-content\/uploads\/2023\/06\/image-1.png?fit=395%2C395&amp;ssl=1\" alt=\"\" class=\"wp-image-765\" srcset=\"https:\/\/i0.wp.com\/www.labat-marie.com\/sla\/wp-content\/uploads\/2023\/06\/image-1.png?w=395&amp;ssl=1 395w, https:\/\/i0.wp.com\/www.labat-marie.com\/sla\/wp-content\/uploads\/2023\/06\/image-1.png?resize=300%2C300&amp;ssl=1 300w, https:\/\/i0.wp.com\/www.labat-marie.com\/sla\/wp-content\/uploads\/2023\/06\/image-1.png?resize=150%2C150&amp;ssl=1 150w, https:\/\/i0.wp.com\/www.labat-marie.com\/sla\/wp-content\/uploads\/2023\/06\/image-1.png?resize=230%2C230&amp;ssl=1 230w, https:\/\/i0.wp.com\/www.labat-marie.com\/sla\/wp-content\/uploads\/2023\/06\/image-1.png?resize=330%2C330&amp;ssl=1 330w\" sizes=\"auto, (max-width: 395px) 100vw, 395px\" \/><\/figure>\n\n\n\n<p class=\"has-black-color has-text-color\">J\u2019adapte l\u2019offre en fonction du niveau initial du stagiaire et de ses besoins, afin de permettre une acquisition de connaissances constante et progressive.<\/p>\n<\/div>\n\n\n\n<div class=\"wp-block-column is-layout-flow wp-block-column-is-layout-flow\">\n<figure class=\"wp-block-image size-large\"><img data-recalc-dims=\"1\" loading=\"lazy\" decoding=\"async\" width=\"710\" height=\"710\" src=\"https:\/\/i0.wp.com\/www.labat-marie.com\/sla\/wp-content\/uploads\/2023\/06\/Online-test-rafiki-3.png?resize=710%2C710&#038;ssl=1\" alt=\"\" class=\"wp-image-771\" srcset=\"https:\/\/i0.wp.com\/www.labat-marie.com\/sla\/wp-content\/uploads\/2023\/06\/Online-test-rafiki-3.png?resize=1024%2C1024&amp;ssl=1 1024w, https:\/\/i0.wp.com\/www.labat-marie.com\/sla\/wp-content\/uploads\/2023\/06\/Online-test-rafiki-3.png?resize=300%2C300&amp;ssl=1 300w, https:\/\/i0.wp.com\/www.labat-marie.com\/sla\/wp-content\/uploads\/2023\/06\/Online-test-rafiki-3.png?resize=150%2C150&amp;ssl=1 150w, https:\/\/i0.wp.com\/www.labat-marie.com\/sla\/wp-content\/uploads\/2023\/06\/Online-test-rafiki-3.png?resize=768%2C768&amp;ssl=1 768w, https:\/\/i0.wp.com\/www.labat-marie.com\/sla\/wp-content\/uploads\/2023\/06\/Online-test-rafiki-3.png?resize=1536%2C1536&amp;ssl=1 1536w, https:\/\/i0.wp.com\/www.labat-marie.com\/sla\/wp-content\/uploads\/2023\/06\/Online-test-rafiki-3.png?resize=230%2C230&amp;ssl=1 230w, https:\/\/i0.wp.com\/www.labat-marie.com\/sla\/wp-content\/uploads\/2023\/06\/Online-test-rafiki-3.png?resize=330%2C330&amp;ssl=1 330w, https:\/\/i0.wp.com\/www.labat-marie.com\/sla\/wp-content\/uploads\/2023\/06\/Online-test-rafiki-3.png?w=2000&amp;ssl=1 2000w, https:\/\/i0.wp.com\/www.labat-marie.com\/sla\/wp-content\/uploads\/2023\/06\/Online-test-rafiki-3.png?w=1420&amp;ssl=1 1420w\" sizes=\"auto, (max-width: 710px) 100vw, 710px\" \/><\/figure>\n\n\n\n<p class=\"has-black-color has-text-color\">Le stagiaire b\u00e9n\u00e9ficiera \u00e9galement, tout au long de la formation, d\u2019un suivi personnalis\u00e9 permettant de v\u00e9rifier sa juste compr\u00e9hension des points abord\u00e9s.<\/p>\n<\/div>\n\n\n\n<div class=\"wp-block-column is-layout-flow wp-block-column-is-layout-flow\">\n<figure class=\"wp-block-image size-medium\"><img loading=\"lazy\" decoding=\"async\" width=\"395\" height=\"395\" src=\"https:\/\/i0.wp.com\/www.labat-marie.com\/sla\/wp-content\/uploads\/2023\/06\/image-3.png?fit=300%2C300&amp;ssl=1\" alt=\"\" class=\"wp-image-767\" srcset=\"https:\/\/i0.wp.com\/www.labat-marie.com\/sla\/wp-content\/uploads\/2023\/06\/image-3.png?w=395&amp;ssl=1 395w, https:\/\/i0.wp.com\/www.labat-marie.com\/sla\/wp-content\/uploads\/2023\/06\/image-3.png?resize=300%2C300&amp;ssl=1 300w, https:\/\/i0.wp.com\/www.labat-marie.com\/sla\/wp-content\/uploads\/2023\/06\/image-3.png?resize=150%2C150&amp;ssl=1 150w, https:\/\/i0.wp.com\/www.labat-marie.com\/sla\/wp-content\/uploads\/2023\/06\/image-3.png?resize=230%2C230&amp;ssl=1 230w, https:\/\/i0.wp.com\/www.labat-marie.com\/sla\/wp-content\/uploads\/2023\/06\/image-3.png?resize=330%2C330&amp;ssl=1 330w\" sizes=\"auto, (max-width: 395px) 100vw, 395px\" \/><\/figure>\n\n\n\n<p class=\"has-black-color has-text-color\">Je suis \u00e9galement en mesure de proposer \u00e0 chaque participant un service Hotline post-formation d\u2019une dur\u00e9e de 2 mois.<\/p>\n<\/div>\n<\/div>\n\n\n\n<div class=\"wp-block-columns is-layout-flex wp-container-core-columns-is-layout-9d6595d7 wp-block-columns-is-layout-flex\">\n<div class=\"wp-block-column is-layout-flow wp-block-column-is-layout-flow\">\n<h1 class=\"wp-block-heading has-very-light-gray-to-cyan-bluish-gray-gradient-background has-background\"><strong>WORD<\/strong><\/h1>\n\n\n\n<ul class=\"wp-block-list has-black-color has-text-color\">\n<li>Saisir et mettre en forme un texte,<\/li>\n\n\n\n<li>Mettre en page et imprimer un document<\/li>\n\n\n\n<li>G\u00e9rer les documents longs,<\/li>\n\n\n\n<li>Appliquer les styles et mod\u00e8les,<\/li>\n\n\n\n<li>Communiquer gr\u00e2ce au publipostage<\/li>\n\n\n\n<li>Cr\u00e9er des tableaux, les bordures et trames<\/li>\n\n\n\n<li>Gagner du temps avec les raccourcis.<\/li>\n<\/ul>\n<\/div>\n\n\n\n<div class=\"wp-block-column is-layout-flow wp-block-column-is-layout-flow\">\n<h1 class=\"wp-block-heading has-very-light-gray-to-cyan-bluish-gray-gradient-background has-background\"><strong>EXCEL<\/strong><\/h1>\n\n\n\n<ul class=\"wp-block-list has-black-color has-text-color\">\n<li>Saisir des donn\u00e9es et mettre en forme des tableaux<\/li>\n\n\n\n<li>Utiliser les fonctions de calcul,<\/li>\n\n\n\n<li>G\u00e9n\u00e9rer des tableaux rapidement,<\/li>\n\n\n\n<li>Appliquer des mises en forme conditionnelles<\/li>\n\n\n\n<li>Cr\u00e9er et modifier des graphiques,<\/li>\n\n\n\n<li>Cr\u00e9er des tableaux crois\u00e9s dynamiques,<\/li>\n\n\n\n<li>Gagner du temps avec les raccourcis.<\/li>\n<\/ul>\n<\/div>\n<\/div>\n\n\n\n<div class=\"wp-block-columns is-layout-flex wp-container-core-columns-is-layout-9d6595d7 wp-block-columns-is-layout-flex\">\n<div class=\"wp-block-column is-layout-flow wp-block-column-is-layout-flow\">\n<h1 class=\"wp-block-heading has-very-light-gray-to-cyan-bluish-gray-gradient-background has-background\"><strong><strong>POWERPOINT<\/strong><\/strong><\/h1>\n\n\n\n<ul class=\"wp-block-list has-black-color has-text-color\">\n<li>D\u00e9couvrir la structure d\u2019un diaporama<\/li>\n\n\n\n<li>D\u00e9couvrir les masques<\/li>\n\n\n\n<li>R\u00e9aliser une pr\u00e9sentation<\/li>\n\n\n\n<li>Structurer le contenu<\/li>\n\n\n\n<li>Illustrer des pr\u00e9sentations<\/li>\n\n\n\n<li>Rendre une pr\u00e9sentation interactive<\/li>\n\n\n\n<li>Gagner du temps avec les raccourcis.<\/li>\n<\/ul>\n<\/div>\n\n\n\n<div class=\"wp-block-column is-layout-flow wp-block-column-is-layout-flow\">\n<h1 class=\"wp-block-heading has-very-light-gray-to-cyan-bluish-gray-gradient-background has-background\"><strong><strong>OUTLOOK<\/strong><\/strong><\/h1>\n\n\n\n<ul class=\"wp-block-list has-black-color has-text-color\">\n<li>R\u00e9diger et envoyer des messages<\/li>\n\n\n\n<li>R\u00e9ceptionner, lire et imprimer les messages<\/li>\n\n\n\n<li>R\u00e9pondre, transf\u00e9rer et mettre en forme un message<\/li>\n\n\n\n<li>G\u00e9rer ses messages, les classer, les archiver<\/li>\n\n\n\n<li>G\u00e9rer son calendrier, ses rendez-vous et les r\u00e9unions<\/li>\n\n\n\n<li>Cr\u00e9er et organiser les contacts<\/li>\n\n\n\n<li>G\u00e9rer son temps gr\u00e2ce aux t\u00e2ches<\/li>\n<\/ul>\n<\/div>\n<\/div>\n\n\n\n<h2 class=\"wp-block-heading has-very-light-gray-to-cyan-bluish-gray-gradient-background has-background\"><strong>BUREAUTIQUE<\/strong><\/h2>\n\n\n\n<p class=\"has-black-color has-text-color\"><strong>Pack Web&nbsp;<\/strong>(R\u00e9seaux sociaux, tablettes Android, trucs et astuces)<\/p>\n\n\n\n<p class=\"has-black-color has-text-color\"><strong>Acrobat Pro<\/strong>&nbsp;(Initiation et&nbsp;perfectionnement, trucs et astuces)<\/p>\n\n\n\n<p class=\"has-black-color has-text-color\"><strong>Initiation \u00e0 l\u2019informatique&nbsp;<\/strong>(Apprendre \u00e0 utiliser un ordinateur, trucs et astuces)<\/p>\n\n\n<div class=\"wp-block-image\">\n<figure class=\"alignright size-medium is-resized\"><a href=\"https:\/\/www.labat-marie.com\/sla\/wp-content\/uploads\/2025\/11\/23FOR00964.2-Certificat-de-conformite.pdf\" target=\"_blank\" rel=\" noreferrer noopener\"><img loading=\"lazy\" decoding=\"async\" width=\"1133\" height=\"486\" src=\"https:\/\/i0.wp.com\/www.labat-marie.com\/sla\/wp-content\/uploads\/2025\/01\/Logo-OF.jpg?fit=300%2C129&amp;ssl=1\" alt=\"\" class=\"wp-image-1105\" style=\"width:200px\" srcset=\"https:\/\/i0.wp.com\/www.labat-marie.com\/sla\/wp-content\/uploads\/2025\/01\/Logo-OF.jpg?w=1133&amp;ssl=1 1133w, https:\/\/i0.wp.com\/www.labat-marie.com\/sla\/wp-content\/uploads\/2025\/01\/Logo-OF.jpg?resize=300%2C129&amp;ssl=1 300w, https:\/\/i0.wp.com\/www.labat-marie.com\/sla\/wp-content\/uploads\/2025\/01\/Logo-OF.jpg?resize=1024%2C439&amp;ssl=1 1024w, https:\/\/i0.wp.com\/www.labat-marie.com\/sla\/wp-content\/uploads\/2025\/01\/Logo-OF.jpg?resize=768%2C329&amp;ssl=1 768w\" sizes=\"auto, (max-width: 710px) 100vw, 710px\" \/><\/a><\/figure>\n<\/div>\n\n\n<h4 class=\"wp-block-heading\"><em>St\u00e9phanie LABAT-MARIE | Entrepreneur individuel<\/em><\/h4>\n\n\n\n<p class=\"has-black-color has-text-color\"><em>Certificat d\u2019Inscription au R\u00e9pertoire des Entreprises et des \u00c9tablissements (SIRENE) Num\u00e9ro SIRET : <em>891 588 287 00039<\/em><\/em><br><em>D\u00e9claration d\u2019activit\u00e9 enregistr\u00e9e sous le n\u00b0 <em>53291031329 aupr\u00e8s du pr\u00e9fet de r\u00e9gion Bretagne<\/em>.<\/em><\/p>\n\n\n\n<p class=\"has-black-color has-text-color\" style=\"font-style:normal;font-weight:300\"><a href=\"https:\/\/www.labat-marie.com\/sla\/mentions-legales\/\" target=\"_blank\" rel=\"noreferrer noopener\">Mentions L\u00e9gales<\/a><\/p>\n\n\n\n<script src=\"https:\/\/static.elfsight.com\/platform\/platform.js\" async><\/script>\n<div class=\"elfsight-app-70fca9b8-c82e-4a1c-a3e7-71c82546c8c1\" data-elfsight-app-lazy><\/div>\n\n\n\n<p><\/p>\n","protected":false},"excerpt":{"rendered":"<p>Microsoft 365 \u2013 2016 et versions ant\u00e9rieures de l\u2019initiation au perfectionnement Je vous propose des formations en Intra, directement dans vos locaux, ainsi qu\u2019en classe virtuelle pour lesquelles le stagiaire a simplement besoin d\u2019un ordinateur avec une connexion internet et<\/p>\n","protected":false},"author":1,"featured_media":0,"parent":42,"menu_order":3,"comment_status":"closed","ping_status":"closed","template":"","meta":{"footnotes":""},"class_list":["post-37","page","type-page","status-publish","hentry"],"_links":{"self":[{"href":"https:\/\/www.labat-marie.com\/sla\/wp-json\/wp\/v2\/pages\/37","targetHints":{"allow":["GET"]}}],"collection":[{"href":"https:\/\/www.labat-marie.com\/sla\/wp-json\/wp\/v2\/pages"}],"about":[{"href":"https:\/\/www.labat-marie.com\/sla\/wp-json\/wp\/v2\/types\/page"}],"author":[{"embeddable":true,"href":"https:\/\/www.labat-marie.com\/sla\/wp-json\/wp\/v2\/users\/1"}],"replies":[{"embeddable":true,"href":"https:\/\/www.labat-marie.com\/sla\/wp-json\/wp\/v2\/comments?post=37"}],"version-history":[{"count":37,"href":"https:\/\/www.labat-marie.com\/sla\/wp-json\/wp\/v2\/pages\/37\/revisions"}],"predecessor-version":[{"id":1177,"href":"https:\/\/www.labat-marie.com\/sla\/wp-json\/wp\/v2\/pages\/37\/revisions\/1177"}],"up":[{"embeddable":true,"href":"https:\/\/www.labat-marie.com\/sla\/wp-json\/wp\/v2\/pages\/42"}],"wp:attachment":[{"href":"https:\/\/www.labat-marie.com\/sla\/wp-json\/wp\/v2\/media?parent=37"}],"curies":[{"name":"wp","href":"https:\/\/api.w.org\/{rel}","templated":true}]}}