{"id":42,"date":"2016-11-16T17:38:16","date_gmt":"2016-11-16T16:38:16","guid":{"rendered":"http:\/\/www.labat-marie.com\/sla\/?page_id=42"},"modified":"2025-11-03T08:48:41","modified_gmt":"2025-11-03T07:48:41","slug":"accueil","status":"publish","type":"page","link":"https:\/\/www.labat-marie.com\/sla\/","title":{"rendered":"Accueil"},"content":{"rendered":"<div id=\"pl-42\"  class=\"panel-layout\" ><div id=\"pg-42-0\"  class=\"panel-grid panel-no-style\" ><div id=\"pgc-42-0-0\"  class=\"panel-grid-cell\" ><div id=\"panel-42-0-0-0\" class=\"so-panel widget widget_sow-editor panel-first-child panel-last-child\" data-index=\"0\" ><div class=\"panel-widget-style panel-widget-style-for-42-0-0-0\" ><div\n\t\t\t\n\t\t\tclass=\"so-widget-sow-editor so-widget-sow-editor-base\"\n\t\t\t\n\t\t><h3 class=\"widget-title\">Consultante et Formatrice en bureautique - Tertiaire <\/h3>\n<div class=\"siteorigin-widget-tinymce textwidget\">\n\t<section id=\"ember3103\" class=\"pv-profile-section pv-top-card-section artdeco-container-card ember-view\">\n<div class=\"pv-top-card-section__body\">\n<div id=\"ember3157\" class=\"pv-top-card-section__summary mt4 ph2 ember-view\"><span style=\"color: #000000;\">Ma\u00eetriser les logiciels bureautiques est indispensable pour faciliter votre travail, car ils \u00e9voluent rapidement et offrent de nouvelles fonctionnalit\u00e9s.<\/span><\/div>\n<\/div>\n<\/section>\n<p><span style=\"color: #000000;\">Aujourd'hui, toute notre vie professionnelle est informatis\u00e9e, num\u00e9ris\u00e9e et digitalis\u00e9e, donc il est important de :<\/span><\/p>\n<ul>\n<li><span style=\"color: #000000;\">Faire \u00e9voluer votre travail en ma\u00eetrisant les logiciels bureautiques<\/span><\/li>\n<li><span style=\"color: #000000;\">Cr\u00e9er des outils performants et adapt\u00e9s \u00e0 votre activit\u00e9 en utilisant Excel, qui propose plus de 300 fonctions et formules pour optimiser votre temps.<\/span><\/li>\n<li><span style=\"color: #000000;\">Am\u00e9liorer vos pratiques et gagner en efficacit\u00e9 en ma\u00eetrisant les fonctions conditionnelles Excel, les tableaux de bord et les tableaux crois\u00e9s dynamiques.<\/span><\/li>\n<li><span style=\"color: #000000;\">Cr\u00e9er des documents professionnels efficaces avec Word, en ma\u00eetrisant les styles, les tables des mati\u00e8res, les sections d'un rapport et la mise en page.<\/span><\/li>\n<li><span style=\"color: #000000;\">Cr\u00e9er des pr\u00e9sentations professionnelles avec PowerPoint en adoptant une matrice de pr\u00e9sentation pour uniformiser les diff\u00e9rentes pr\u00e9sentations de vos collaborateurs.<\/span><\/li>\n<li><span style=\"color: #000000;\">Ma\u00eetriser les outils collaboratifs tels que les agendas \u00e9lectroniques, les listes de diffusion d'e-mails, en automatisant vos t\u00e2ches pour gagner du temps.<\/span><\/li>\n<\/ul>\n<p><span style=\"color: #000000;\">En conclusion, la ma\u00eetrise des logiciels bureautiques est indispensable pour rester comp\u00e9titif dans le monde professionnel actuel et pour am\u00e9liorer vos performances.<\/span><\/p>\n<p><span style=\"color: #000000;\">Formatrice sp\u00e9cialis\u00e9e dans l'accompagnement de personnes ayant besoin d'acqu\u00e9rir des comp\u00e9tences dans leur travail ou leur vie personnelle.<\/span><\/p>\n<p><span style=\"color: #000000;\">Mon expertise se concentre sur l'apprentissage de techniques efficaces pour automatiser les activit\u00e9s de bureau, et am\u00e9liorer la productivit\u00e9. Ces formations peuvent porter sur l'utilisation des logiciels courants tels que Microsoft Office, mais \u00e9galement sur des techniques d'organisation et de gestion administrative.<\/span><\/p>\n<p><span style=\"color: #000000;\">Mon objectif est de rendre les apprenants autonomes dans l'utilisation de la bureautique.<\/span><\/p>\n<p><span style=\"color: #000000;\">Vous pouvez me contacter pour discuter de vos besoins en formation et de la mani\u00e8re dont je peux vous aider \u00e0 atteindre vos objectifs.<\/span><\/p>\n<p>&nbsp;<\/p>\n<p>&nbsp;<\/p>\n<p><span style=\"color: #333333;\"><em>St\u00e9phanie LABAT-MARIE | Entrepreneur individuel<\/em><\/span><br \/>\n<span style=\"color: #333333;\"><em>Certificat d\u2019Inscription au R\u00e9pertoire des Entreprises et des \u00c9tablissements (SIRENE) Num\u00e9ro SIRET : 891 588 287 00039<\/em><\/span><br \/>\n<span style=\"color: #333333;\"><em>D\u00e9claration d\u2019activit\u00e9 enregistr\u00e9e sous le n\u00b0 53291031329 aupr\u00e8s du pr\u00e9fet de r\u00e9gion Bretagne.<\/em><\/span><\/p>\n<p><a href=\"https:\/\/www.labat-marie.com\/sla\/mentions-legales\/\" target=\"_blank\" rel=\"noopener\">Mentions L\u00e9gales<\/a><\/p>\n<figure id=\"attachment_1105\" aria-describedby=\"caption-attachment-1105\" style=\"width: 300px\" class=\"wp-caption alignright\"><a href=\"https:\/\/www.labat-marie.com\/sla\/wp-content\/uploads\/2025\/11\/23FOR00964.2-Certificat-de-conformite.pdf\" target=\"_blank\" rel=\"noopener\"><img data-recalc-dims=\"1\" loading=\"lazy\" decoding=\"async\" class=\"wp-image-1105 size-medium\" src=\"https:\/\/i0.wp.com\/www.labat-marie.com\/sla\/wp-content\/uploads\/2025\/01\/Logo-OF.jpg?resize=300%2C129&#038;ssl=1\" alt=\"\" width=\"300\" height=\"129\" srcset=\"https:\/\/i0.wp.com\/www.labat-marie.com\/sla\/wp-content\/uploads\/2025\/01\/Logo-OF.jpg?resize=300%2C129&amp;ssl=1 300w, https:\/\/i0.wp.com\/www.labat-marie.com\/sla\/wp-content\/uploads\/2025\/01\/Logo-OF.jpg?resize=1024%2C439&amp;ssl=1 1024w, https:\/\/i0.wp.com\/www.labat-marie.com\/sla\/wp-content\/uploads\/2025\/01\/Logo-OF.jpg?resize=768%2C329&amp;ssl=1 768w, https:\/\/i0.wp.com\/www.labat-marie.com\/sla\/wp-content\/uploads\/2025\/01\/Logo-OF.jpg?w=1133&amp;ssl=1 1133w\" sizes=\"auto, (max-width: 300px) 100vw, 300px\" \/><\/a><figcaption id=\"caption-attachment-1105\" class=\"wp-caption-text\">Cliquez pour acc\u00e9der au certificat.<\/figcaption><\/figure>\n<p><a class=\"https:\/\/www.federation-auto-entrepreneur.fr\/\" href=\"https:\/\/www.labat-marie.com\/sla\/accueil\/fnae\/\" target=\"_blank\" rel=\"attachment noopener wp-att-1065\"><img data-recalc-dims=\"1\" loading=\"lazy\" decoding=\"async\" class=\"https:\/\/www.federation-auto-entrepreneur.fr\/ alignright wp-image-1065\" title=\"FNAE\" src=\"https:\/\/i0.wp.com\/www.labat-marie.com\/sla\/wp-content\/uploads\/2024\/02\/FNAE.png?resize=133%2C138&#038;ssl=1\" alt=\"\" width=\"133\" height=\"138\" \/><\/a><\/p>\n<\/div>\n<\/div><\/div><\/div><\/div><\/div><\/div>","protected":false},"excerpt":{"rendered":"<p>Ma\u00eetriser les logiciels bureautiques est indispensable pour faciliter votre travail, car ils \u00e9voluent rapidement et offrent de nouvelles fonctionnalit\u00e9s. Aujourd&rsquo;hui, toute notre vie professionnelle est informatis\u00e9e, num\u00e9ris\u00e9e et digitalis\u00e9e, donc il est important de : Faire \u00e9voluer votre travail en<\/p>\n","protected":false},"author":1,"featured_media":75,"parent":0,"menu_order":0,"comment_status":"closed","ping_status":"closed","template":"","meta":{"footnotes":""},"class_list":["post-42","page","type-page","status-publish","has-post-thumbnail","hentry"],"_links":{"self":[{"href":"https:\/\/www.labat-marie.com\/sla\/wp-json\/wp\/v2\/pages\/42","targetHints":{"allow":["GET"]}}],"collection":[{"href":"https:\/\/www.labat-marie.com\/sla\/wp-json\/wp\/v2\/pages"}],"about":[{"href":"https:\/\/www.labat-marie.com\/sla\/wp-json\/wp\/v2\/types\/page"}],"author":[{"embeddable":true,"href":"https:\/\/www.labat-marie.com\/sla\/wp-json\/wp\/v2\/users\/1"}],"replies":[{"embeddable":true,"href":"https:\/\/www.labat-marie.com\/sla\/wp-json\/wp\/v2\/comments?post=42"}],"version-history":[{"count":42,"href":"https:\/\/www.labat-marie.com\/sla\/wp-json\/wp\/v2\/pages\/42\/revisions"}],"predecessor-version":[{"id":1176,"href":"https:\/\/www.labat-marie.com\/sla\/wp-json\/wp\/v2\/pages\/42\/revisions\/1176"}],"wp:featuredmedia":[{"embeddable":true,"href":"https:\/\/www.labat-marie.com\/sla\/wp-json\/wp\/v2\/media\/75"}],"wp:attachment":[{"href":"https:\/\/www.labat-marie.com\/sla\/wp-json\/wp\/v2\/media?parent=42"}],"curies":[{"name":"wp","href":"https:\/\/api.w.org\/{rel}","templated":true}]}}