{"id":816,"date":"2023-06-22T10:33:38","date_gmt":"2023-06-22T08:33:38","guid":{"rendered":"https:\/\/www.labat-marie.com\/sla\/?page_id=816"},"modified":"2023-06-22T10:58:52","modified_gmt":"2023-06-22T08:58:52","slug":"mentions-legales","status":"publish","type":"page","link":"https:\/\/www.labat-marie.com\/sla\/mentions-legales\/","title":{"rendered":"Mentions L\u00e9gales"},"content":{"rendered":"\n<p class=\"has-black-color has-text-color\" style=\"font-style:normal;font-weight:400\">Merci de lire attentivement les modalit\u00e9s d\u2019utilisation de ce site avant de le parcourir. En vous connectant sur ce site, vous acceptez sans r\u00e9serve notre politique de confidentialit\u00e9.<\/p>\n\n\n\n<h1 class=\"wp-block-heading has-medium-font-size\">\u00c9diteur du site<\/h1>\n\n\n\n<p class=\"has-black-color has-text-color\" style=\"font-style:normal;font-weight:400\"><strong>Repr\u00e9sent\u00e9 par<br><\/strong>St\u00e9phanie LABAT-MARIE<br>82 all\u00e9e Jean MOULIN<br>16600 Ruelle-sur-Touvre<br>T\u00e9l. : 06.14.26.66.97<br><a href=\"mailto:stephanie@labat-marie.com\">stephanie@labat-marie.com<\/a><br>Siret : 89158828700021 \u2013 APE : 8559B<br><a href=\"https:\/\/labat-marie.com\/sla\" target=\"_blank\" rel=\"noreferrer noopener\">https:\/\/labat-marie.com\/sla<\/a><\/p>\n\n\n\n<h1 class=\"wp-block-heading has-medium-font-size\">Conditions d\u2019utilisation<\/h1>\n\n\n\n<p class=\"has-black-color has-text-color\" style=\"font-style:normal;font-weight:400\">Le site accessible par l\u2019URL suivant : <a href=\"https:\/\/labat-marie.com\/sla\">https:\/\/labat-marie.com\/sla<\/a> est exploit\u00e9 dans le respect de la l\u00e9gislation fran\u00e7aise. L\u2019utilisation de ce site est r\u00e9gie par les pr\u00e9sentes conditions g\u00e9n\u00e9rales. En utilisant le site, vous reconnaissez avoir pris connaissance de ces conditions et les avoir accept\u00e9es. Celles-ci pourront \u00eatre modifi\u00e9es \u00e0 tout moment et sans pr\u00e9avis par St\u00e9phanie LABAT-MARIE.<\/p>\n\n\n\n<p class=\"has-black-color has-text-color\" style=\"font-style:normal;font-weight:400\">St\u00e9phanie LABAT-MARIE ne saurait \u00eatre tenue pour responsable en aucune mani\u00e8re d\u2019une mauvaise utilisation du service.<\/p>\n\n\n\n<h1 class=\"wp-block-heading has-medium-font-size\">Responsable \u00e9ditorial<\/h1>\n\n\n\n<p class=\"has-black-color has-text-color\" style=\"font-style:normal;font-weight:400\">St\u00e9phanie LABAT-MARIE \u2013 Consultante &amp; formatrice<br>82 all\u00e9e Jean MOULIN<br>16600 Ruelle-sur-Touvre<br>T\u00e9l. : 06.14.26.66.97<br><a href=\"mailto:stephanie@labat-marie.com\">stephanie@labat-marie.com<\/a><br><a href=\"https:\/\/labat-marie.com\/sla\">https:\/\/labat-marie.com\/sla<\/a><\/p>\n\n\n\n<h1 class=\"wp-block-heading has-medium-font-size\">Limitation de responsabilit\u00e9<\/h1>\n\n\n\n<p class=\"has-black-color has-text-color\" style=\"font-style:normal;font-weight:400\">Les informations contenues sur ce site sont aussi pr\u00e9cises que possibles et le site est p\u00e9riodiquement remis \u00e0 jour, mais peut toutefois contenir des inexactitudes, des omissions ou des lacunes. Si vous constatez une lacune, erreur ou ce qui parait \u00eatre un dysfonctionnement, merci de bien vouloir le signaler par email en d\u00e9crivant le probl\u00e8me de la mani\u00e8re la plus pr\u00e9cise possible (page posant probl\u00e8me, action d\u00e9clenchante, type d\u2019ordinateur et de navigateur utilis\u00e9\u2026).<\/p>\n\n\n\n<p class=\"has-black-color has-text-color\" style=\"font-style:normal;font-weight:400\">Tout contenu t\u00e9l\u00e9charg\u00e9 se fait aux risques et p\u00e9rils de l\u2019utilisateur et sous sa seule responsabilit\u00e9. En cons\u00e9quence, St\u00e9phanie LABAT-MARIE ne saurait \u00eatre tenue responsable d\u2019un quelconque dommage subi par l\u2019ordinateur de l\u2019utilisateur ou d\u2019une quelconque perte de donn\u00e9es cons\u00e9cutives au t\u00e9l\u00e9chargement.<\/p>\n\n\n\n<h1 class=\"wp-block-heading has-medium-font-size\">Les photos sont non contractuelles.<\/h1>\n\n\n\n<p class=\"has-black-color has-text-color\" style=\"font-style:normal;font-weight:400\">Les liens hypertextes mis en place dans le cadre de ce site internet en direction d\u2019autres ressources pr\u00e9sentes sur le r\u00e9seau internet ne sauraient engager la responsabilit\u00e9 de St\u00e9phanie LABAT-MARIE.<\/p>\n\n\n\n<h1 class=\"wp-block-heading has-medium-font-size\">Litiges<\/h1>\n\n\n\n<p class=\"has-black-color has-text-color\" style=\"font-style:normal;font-weight:400\">Les pr\u00e9sentes conditions sont r\u00e9gies par les lois fran\u00e7aises et toutes contestations ou litiges qui pourraient na\u00eetre de l\u2019interpr\u00e9tation ou de l\u2019ex\u00e9cution de celles-ci seront de la comp\u00e9tence exclusive des tribunaux dont d\u00e9pend le si\u00e8ge social de la soci\u00e9t\u00e9 St\u00e9phanie LABAT-MARIE. La langue de r\u00e9f\u00e9rence, pour le r\u00e8glement de contentieux \u00e9ventuels, est le fran\u00e7ais.<\/p>\n\n\n\n<h1 class=\"wp-block-heading has-medium-font-size\">Droit d\u2019acc\u00e8s<\/h1>\n\n\n\n<p class=\"has-black-color has-text-color\" style=\"font-style:normal;font-weight:400\">Conform\u00e9ment \u00e0 la loi 78-17 du 6 janvier 1978 (modifi\u00e9e par la loi 2004-801 du 6 ao\u00fbt 2004 relative \u00e0 la protection des personnes physiques \u00e0 l\u2019\u00e9gard des traitements de donn\u00e9es \u00e0 caract\u00e8re personnel) relative \u00e0 l\u2019informatique, aux fichiers et aux libert\u00e9s et Conform\u00e9ment aux articles 15 \u00e0 22 RGPD, concernant les donn\u00e9es que nous d\u00e9tenons sur vous, vous disposez des droits suivants :<\/p>\n\n\n\n<ul class=\"has-black-color has-text-color has-small-font-size wp-block-list\" style=\"font-style:normal;font-weight:400\">\n<li style=\"font-style:normal;font-weight:100\">Droit d\u2019acc\u00e8s (article 15 du RGPD)<\/li>\n\n\n\n<li style=\"font-style:normal;font-weight:100\">Droit de rectification (article 16 du RGPD)<\/li>\n\n\n\n<li style=\"font-style:normal;font-weight:100\">Droit d\u2019effacement (article 17 du RGPD)<\/li>\n\n\n\n<li style=\"font-style:normal;font-weight:100\">Droit \u00e0 la limitation du traitement (article 18 du RGPD)<\/li>\n\n\n\n<li style=\"font-style:normal;font-weight:100\">Droit de notification des rectifications, effacements, limitation (article 19 du RGPD)<\/li>\n\n\n\n<li style=\"font-style:normal;font-weight:100\">Droit \u00e0 la portabilit\u00e9 des donn\u00e9es (article 20 du RGPD)<\/li>\n\n\n\n<li style=\"font-style:normal;font-weight:100\">Droit d\u2019opposition (article 21 du RGPD)<\/li>\n\n\n\n<li style=\"font-style:normal;font-weight:100\">Droit de ne pas faire l\u2019objet d\u2019un profilage (article 22 du RGPD)<\/li>\n<\/ul>\n\n\n\n<p class=\"has-black-color has-text-color\" style=\"font-style:normal;font-weight:400\">Ce droit peut \u00eatre exerc\u00e9 par voie postale aupr\u00e8s de St\u00e9phanie LABAT-MARIE \u2013 82 all\u00e9e Jean MOULIN \u2013 33000 \u2013 BORDEAUX ou par voie \u00e9lectronique \u00e0 l\u2019adresse email suivante : <a href=\"mailto:stephanie@labat-marie.com\">stephanie@labat-marie.com<\/a>.<\/p>\n\n\n\n<p class=\"has-black-color has-text-color\" style=\"font-style:normal;font-weight:400\">Les informations personnelles collect\u00e9es ne sont en aucun cas confi\u00e9es \u00e0 des tiers hormis pour l\u2019\u00e9ventuelle bonne ex\u00e9cution de la prestation command\u00e9e par l\u2019internaute.<\/p>\n\n\n\n<h1 class=\"wp-block-heading has-medium-font-size\">Confidentialit\u00e9<\/h1>\n\n\n\n<p class=\"has-black-color has-text-color\" style=\"font-style:normal;font-weight:400\">Vos donn\u00e9es personnelles sont confidentielles et ne seront en aucun cas communiqu\u00e9es \u00e0 des tiers hormis pour la bonne ex\u00e9cution de la prestation.<\/p>\n\n\n\n<h1 class=\"wp-block-heading has-medium-font-size\">Propri\u00e9t\u00e9 intellectuelle<\/h1>\n\n\n\n<p class=\"has-black-color has-text-color\" style=\"font-style:normal;font-weight:400\">Tout le contenu du pr\u00e9sent site, incluant, de fa\u00e7on non limitative, les graphismes, images, textes, vid\u00e9os, animations, sons, logos, GIF et ic\u00f4nes ainsi que leurs mises en forme sont la propri\u00e9t\u00e9 exclusive de St\u00e9phanie LABAT-MARIE \u00e0 l\u2019exception des marques, logos ou contenus appartenant \u00e0 d\u2019autres soci\u00e9t\u00e9s partenaires ou auteurs.<\/p>\n\n\n\n<p class=\"has-black-color has-text-color\" style=\"font-style:normal;font-weight:400\">Toute reproduction, distribution, modification, adaptation, retransmission ou publication, m\u00eame partielle, de ces diff\u00e9rents \u00e9l\u00e9ments est strictement interdite sans l\u2019accord expr\u00e8s par \u00e9crit de St\u00e9phanie LABAT-MARIE. Cette repr\u00e9sentation ou reproduction, par quelque proc\u00e9d\u00e9 que ce soit, constitue une contrefa\u00e7on sanctionn\u00e9e par les articles L.3335-2 et suivants du Code de la propri\u00e9t\u00e9 intellectuelle. Le non-respect de cette interdiction constitue une contrefa\u00e7on pouvant engager la responsabilit\u00e9 civile et p\u00e9nale du contrefacteur. En outre, les propri\u00e9taires des Contenus copi\u00e9s pourraient intenter une action en justice \u00e0 votre encontre.<\/p>\n\n\n\n<p class=\"has-black-color has-text-color\" style=\"font-style:normal;font-weight:400\">St\u00e9phanie LABAT-MARIE est identiquement propri\u00e9taire des \u00ab&nbsp;droits des producteurs de bases de donn\u00e9es&nbsp;\u00bb vis\u00e9s au Livre III, Titre IV, du Code de la Propri\u00e9t\u00e9 Intellectuelle (loi n\u00b0 98-536 du 1er juillet 1998) relative aux droits d\u2019auteur et aux bases de donn\u00e9es.<\/p>\n\n\n\n<h1 class=\"wp-block-heading has-medium-font-size\">H\u00e9bergeur<\/h1>\n\n\n\n<p class=\"has-black-color has-text-color\" style=\"font-style:normal;font-weight:400\">OVH, SAS, <br>2 rue Kellermann <br>59100 Roubaix<\/p>\n\n\n\n<h1 class=\"wp-block-heading has-medium-font-size\">Conditions de service<\/h1>\n\n\n\n<p class=\"has-black-color has-text-color\" style=\"font-style:normal;font-weight:400\">Ce site utilise WordPress, pour un meilleur confort d\u2019utilisation et un graphisme plus agr\u00e9able, nous vous recommandons de recourir \u00e0 des navigateurs modernes comme Safari, Firefox, Chrome\u2026<\/p>\n\n\n\n<h1 class=\"wp-block-heading has-medium-font-size\">Informations et exclusion<\/h1>\n\n\n\n<p class=\"has-black-color has-text-color\" style=\"font-style:normal;font-weight:400\">St\u00e9phanie LABAT-MARIE met en \u0153uvre tous les moyens dont elle dispose, pour assurer une information fiable et une mise \u00e0 jour r\u00e9guli\u00e8re de son site internet. Toutefois, des erreurs ou omissions peuvent survenir. L\u2019internaute devra donc s\u2019assurer de l\u2019exactitude des informations aupr\u00e8s de St\u00e9phanie LABAT-MARIE, et signaler toutes modifications du site qu\u2019il jugerait utile. St\u00e9phanie LABAT-MARIE n\u2019est en aucun cas responsable de l\u2019utilisation faite de ces informations, et de tout pr\u00e9judice direct ou indirect pouvant en d\u00e9couler.<\/p>\n\n\n\n<h1 class=\"wp-block-heading has-medium-font-size\">Cookies<\/h1>\n\n\n\n<p class=\"has-black-color has-text-color\" style=\"font-style:normal;font-weight:400\">Pour des besoins de statistiques et d\u2019affichage, le pr\u00e9sent site utilise des cookies. Il s\u2019agit de petits fichiers textes stock\u00e9s sur votre disque dur afin d\u2019enregistrer des donn\u00e9es techniques sur votre navigation. Certaines parties de ce site ne peuvent \u00eatre fonctionnelles sans l\u2019acceptation de cookies.<\/p>\n\n\n\n<h1 class=\"wp-block-heading has-medium-font-size\">Liens hypertextes<\/h1>\n\n\n\n<p class=\"has-black-color has-text-color\" style=\"font-style:normal;font-weight:400\">Le site internet de St\u00e9phanie LABAT-MARIE peut offrir des liens vers d\u2019autres sites internet ou d\u2019autres ressources disponibles sur internet.<\/p>\n\n\n\n<p class=\"has-black-color has-text-color\" style=\"font-style:normal;font-weight:400\">St\u00e9phanie LABAT-MARIE ne dispose d\u2019aucun moyen pour contr\u00f4ler les sites en connexion avec son site internet. St\u00e9phanie LABAT-MARIE ne r\u00e9pond pas de la disponibilit\u00e9 de tels sites et sources externes ni ne la garantit. Elle ne peut \u00eatre tenue pour responsable de tout dommage, de quelque nature que ce soit, r\u00e9sultant du contenu de ces sites ou sources externes, et notamment des informations, produits ou services qu\u2019ils proposent, ou de tout usage qui peut \u00eatre fait de ces \u00e9l\u00e9ments. Les risques li\u00e9s \u00e0 cette utilisation incombent pleinement \u00e0 l\u2019internaute, qui doit se conformer \u00e0 leurs conditions d\u2019utilisation.<\/p>\n\n\n\n<h1 class=\"wp-block-heading has-medium-font-size\">Responsabilit\u00e9<\/h1>\n\n\n\n<p class=\"has-black-color has-text-color\" style=\"font-style:normal;font-weight:400\">Aucune autre garantie n\u2019est accord\u00e9e au client, auquel incombe l\u2019obligation de formuler clairement ses besoins et le devoir de s\u2019informer. Si des informations fournies par St\u00e9phanie LABAT-MARIE apparaissent inexactes, il appartiendra au client de proc\u00e9der lui-m\u00eame \u00e0 toutes v\u00e9rifications de la coh\u00e9rence ou de la vraisemblance des r\u00e9sultats obtenus. St\u00e9phanie LABAT-MARIE ne sera en aucune fa\u00e7on responsable vis-\u00e0-vis des tiers de l\u2019utilisation par le client des informations ou de leur absence contenues dans ses produits, y compris un de ses sites internet.<\/p>\n\n\n\n<h1 class=\"wp-block-heading has-medium-font-size\">Droit applicable et attribution de juridiction.<\/h1>\n\n\n\n<p class=\"has-black-color has-text-color\" style=\"font-style:normal;font-weight:400\">Tout litige en relation avec l\u2019utilisation du site https:\/\/labat-marie.com\/sla est soumis au droit fran\u00e7ais.<\/p>\n\n\n\n<p class=\"has-black-color has-text-color\" style=\"font-style:normal;font-weight:400\">En dehors des cas o\u00f9 la loi ne le permet pas, il est fait attribution exclusive de juridiction aux tribunaux comp\u00e9tents de Bordeaux, en langue fran\u00e7aise.<\/p>\n\n\n\n<h1 class=\"wp-block-heading has-medium-font-size\">Contactez-nous<\/h1>\n\n\n\n<p class=\"has-black-color has-text-color\" style=\"font-style:normal;font-weight:400\">St\u00e9phanie LABAT-MARIE est \u00e0 votre disposition pour tous vos commentaires ou suggestions. Vous pouvez prendre contact en cliquant<strong> <a rel=\"noreferrer noopener\" href=\"https:\/\/www.labat-marie.com\/sla\/accueil\/contact-2\/\" target=\"_blank\">ici<\/a>.<\/strong><\/p>\n","protected":false},"excerpt":{"rendered":"<p>Merci de lire attentivement les modalit\u00e9s d\u2019utilisation de ce site avant de le parcourir. En vous connectant sur ce site, vous acceptez sans r\u00e9serve notre politique de confidentialit\u00e9. \u00c9diteur du site Repr\u00e9sent\u00e9 parSt\u00e9phanie LABAT-MARIE82 all\u00e9e Jean MOULIN16600 Ruelle-sur-TouvreT\u00e9l. : 06.14.26.66.97stephanie@labat-marie.comSiret<\/p>\n","protected":false},"author":1,"featured_media":0,"parent":0,"menu_order":0,"comment_status":"closed","ping_status":"closed","template":"","meta":{"footnotes":""},"class_list":["post-816","page","type-page","status-publish","hentry"],"_links":{"self":[{"href":"https:\/\/www.labat-marie.com\/sla\/wp-json\/wp\/v2\/pages\/816","targetHints":{"allow":["GET"]}}],"collection":[{"href":"https:\/\/www.labat-marie.com\/sla\/wp-json\/wp\/v2\/pages"}],"about":[{"href":"https:\/\/www.labat-marie.com\/sla\/wp-json\/wp\/v2\/types\/page"}],"author":[{"embeddable":true,"href":"https:\/\/www.labat-marie.com\/sla\/wp-json\/wp\/v2\/users\/1"}],"replies":[{"embeddable":true,"href":"https:\/\/www.labat-marie.com\/sla\/wp-json\/wp\/v2\/comments?post=816"}],"version-history":[{"count":12,"href":"https:\/\/www.labat-marie.com\/sla\/wp-json\/wp\/v2\/pages\/816\/revisions"}],"predecessor-version":[{"id":835,"href":"https:\/\/www.labat-marie.com\/sla\/wp-json\/wp\/v2\/pages\/816\/revisions\/835"}],"wp:attachment":[{"href":"https:\/\/www.labat-marie.com\/sla\/wp-json\/wp\/v2\/media?parent=816"}],"curies":[{"name":"wp","href":"https:\/\/api.w.org\/{rel}","templated":true}]}}